{"id":13,"date":"2022-12-07T19:21:37","date_gmt":"2022-12-07T19:21:37","guid":{"rendered":"https:\/\/www.js-projekt.cz\/?page_id=13"},"modified":"2026-03-28T13:38:14","modified_gmt":"2026-03-28T13:38:14","slug":"domu","status":"publish","type":"page","link":"https:\/\/www.js-projekt.cz\/","title":{"rendered":"Dom\u016f"},"content":{"rendered":"\n<div class=\"wp-block-cover alignfull is-light\" style=\"min-height:700px;aspect-ratio:unset;\"><img loading=\"lazy\" decoding=\"async\" width=\"1640\" height=\"856\" class=\"wp-block-cover__image-background wp-image-310\" alt=\"\" src=\"https:\/\/www.js-projekt.cz\/wp-content\/uploads\/2023\/07\/Novy-projekt-1-1.jpg\" style=\"object-position:64% 41%\" data-object-fit=\"cover\" data-object-position=\"64% 41%\" srcset=\"https:\/\/www.js-projekt.cz\/wp-content\/uploads\/2023\/07\/Novy-projekt-1-1.jpg 1640w, https:\/\/www.js-projekt.cz\/wp-content\/uploads\/2023\/07\/Novy-projekt-1-1-300x157.jpg 300w, https:\/\/www.js-projekt.cz\/wp-content\/uploads\/2023\/07\/Novy-projekt-1-1-1024x534.jpg 1024w, https:\/\/www.js-projekt.cz\/wp-content\/uploads\/2023\/07\/Novy-projekt-1-1-768x401.jpg 768w, https:\/\/www.js-projekt.cz\/wp-content\/uploads\/2023\/07\/Novy-projekt-1-1-1536x802.jpg 1536w\" sizes=\"auto, (max-width: 1640px) 100vw, 1640px\" \/><span aria-hidden=\"true\" class=\"wp-block-cover__background has-background-dim-0 has-background-dim\"><\/span><div class=\"wp-block-cover__inner-container is-layout-flow wp-block-cover-is-layout-flow\">\n<div style=\"height:80px\" aria-hidden=\"true\" class=\"wp-block-spacer\"><\/div>\n\n\n\n<h1 class=\"wp-block-heading has-text-align-center has-text-color has-x-large-font-size\" style=\"color:#05386b;font-style:normal;font-weight:800;text-transform:uppercase\">PROJEK\u010cN\u00cd \u010cINNOST JAKUB SMAZAL<\/h1>\n\n\n\n<p class=\"has-text-align-center has-text-color\" style=\"color:#05386b;font-size:17px\"><strong>Projek\u010dn\u00ed \u010dinnost pozemn\u00edch staveb, vodohospod\u00e1\u0159sk\u00fdch staveb<strong> a in\u017een\u00fdring<\/strong>.<\/strong><\/p>\n\n\n\n<div class=\"wp-block-buttons is-content-justification-center is-layout-flex wp-container-core-buttons-is-layout-16018d1d wp-block-buttons-is-layout-flex\">\n<div class=\"wp-block-button is-style-primary\"><a class=\"wp-block-button__link wp-element-button\" href=\"#kontakt\">KONTAKTUJTE N\u00c1S<\/a><\/div>\n<\/div>\n\n\n\n<div style=\"height:80px\" aria-hidden=\"true\" class=\"wp-block-spacer\"><\/div>\n\n\n\n<div style=\"height:80px\" aria-hidden=\"true\" class=\"wp-block-spacer\"><\/div>\n\n\n\n<p><\/p>\n<\/div><\/div>\n\n\n\n<div style=\"height:50px\" aria-hidden=\"true\" class=\"wp-block-spacer\"><\/div>\n\n\n\n<div id=\"sluzby\"><\/div>\n\n\n\n<div style=\"height:20px\" aria-hidden=\"true\" class=\"wp-block-spacer\"><\/div>\n\n\n\n<div class=\"wp-block-columns alignwide is-layout-flex wp-container-core-columns-is-layout-9d6595d7 wp-block-columns-is-layout-flex\">\n<div class=\"wp-block-column has-nv-text-dark-bg-color has-text-color has-background has-link-color wp-elements-d9af32a5fe9e642b2c2df4950b174a5d is-layout-flow wp-block-column-is-layout-flow\" style=\"background-color:#05386b;padding-top:2em;padding-right:2em;padding-bottom:2em;padding-left:2em\"><div class=\"wp-block-image\">\n<figure class=\"aligncenter size-full is-resized\"><img loading=\"lazy\" decoding=\"async\" width=\"512\" height=\"512\" src=\"https:\/\/www.js-projekt.cz\/wp-content\/uploads\/2023\/03\/plan-3.png\" alt=\"\" class=\"wp-image-217\" style=\"width:128px;height:128px\" srcset=\"https:\/\/www.js-projekt.cz\/wp-content\/uploads\/2023\/03\/plan-3.png 512w, https:\/\/www.js-projekt.cz\/wp-content\/uploads\/2023\/03\/plan-3-300x300.png 300w, https:\/\/www.js-projekt.cz\/wp-content\/uploads\/2023\/03\/plan-3-150x150.png 150w\" sizes=\"auto, (max-width: 512px) 100vw, 512px\" \/><\/figure>\n<\/div>\n\n\n<div style=\"height:10px\" aria-hidden=\"true\" class=\"wp-block-spacer\"><\/div>\n\n\n\n<h4 class=\"wp-block-heading has-text-align-center has-medium-font-size\" id=\"single\" style=\"font-style:normal;font-weight:700\"><strong>POZEMN\u00cd STAVBY<\/strong><\/h4>\n\n\n\n<ul>\n<li><span style=\"color: #ffffff;\">projekty na \u00farovni studie a stavebn\u00edho povolen\u00ed<\/span><\/li>\n<li><span style=\"color: #ffffff;\">dodate\u010dn\u00e9 povolen\u00ed staveb<\/span><\/li>\n<li><span style=\"color: #ffffff;\">pasporty staveb<\/span><\/li>\n<li><span style=\"color: #05386b;\"><span style=\"color: #ffffff;\">bourac\u00ed dokumentace pro odstran\u011bn\u00ed staveb<\/span><\/span><\/li>\n<\/ul>\n\n\n\n<div class=\"wp-block-buttons alignfull is-horizontal is-content-justification-center is-layout-flex wp-container-core-buttons-is-layout-1891d752 wp-block-buttons-is-layout-flex\"><\/div>\n<\/div>\n\n\n\n<div class=\"wp-block-column has-nv-text-dark-bg-color has-text-color has-background has-link-color wp-elements-e3c36015a7743cb9cb08142d19de36ca is-layout-flow wp-block-column-is-layout-flow\" style=\"background-color:#05386b;padding-top:2em;padding-right:2em;padding-bottom:2em;padding-left:2em\"><div class=\"wp-block-image\">\n<figure class=\"aligncenter size-full is-resized\"><img loading=\"lazy\" decoding=\"async\" width=\"512\" height=\"512\" src=\"https:\/\/www.js-projekt.cz\/wp-content\/uploads\/2023\/03\/approved-5.png\" alt=\"\" class=\"wp-image-219\" style=\"width:128px;height:128px\" srcset=\"https:\/\/www.js-projekt.cz\/wp-content\/uploads\/2023\/03\/approved-5.png 512w, https:\/\/www.js-projekt.cz\/wp-content\/uploads\/2023\/03\/approved-5-300x300.png 300w, https:\/\/www.js-projekt.cz\/wp-content\/uploads\/2023\/03\/approved-5-150x150.png 150w\" sizes=\"auto, (max-width: 512px) 100vw, 512px\" \/><\/figure>\n<\/div>\n\n\n<div style=\"height:10px\" aria-hidden=\"true\" class=\"wp-block-spacer\"><\/div>\n\n\n\n<h2 class=\"wp-block-heading has-text-align-center has-medium-font-size\" id=\"patron\"><strong>IN\u017dEN\u00ddRING<\/strong><\/h2>\n\n\n\n<ul>\n<li>kompletn\u00ed zaji\u0161t\u011bn\u00ed stavebn\u00edho povolen\u00ed<\/li>\n<\/ul>\n\n\n\n<div class=\"wp-block-buttons is-layout-flex wp-block-buttons-is-layout-flex\"><\/div>\n\n\n\n<div class=\"wp-block-buttons alignfull is-horizontal is-content-justification-center is-layout-flex wp-container-core-buttons-is-layout-499968f5 wp-block-buttons-is-layout-flex\"><\/div>\n<\/div>\n\n\n\n<div class=\"wp-block-column has-nv-text-dark-bg-color has-text-color has-background has-link-color wp-elements-148c14d558e50a2b09053ab7905e33af is-layout-flow wp-block-column-is-layout-flow\" style=\"background-color:#05386b;padding-top:2em;padding-right:2em;padding-bottom:2em;padding-left:2em\"><div class=\"wp-block-image\">\n<figure class=\"aligncenter size-full is-resized\"><img loading=\"lazy\" decoding=\"async\" width=\"512\" height=\"512\" src=\"https:\/\/www.js-projekt.cz\/wp-content\/uploads\/2023\/03\/technical-support-3.png\" alt=\"\" class=\"wp-image-220\" style=\"width:128px;height:128px\" srcset=\"https:\/\/www.js-projekt.cz\/wp-content\/uploads\/2023\/03\/technical-support-3.png 512w, https:\/\/www.js-projekt.cz\/wp-content\/uploads\/2023\/03\/technical-support-3-300x300.png 300w, https:\/\/www.js-projekt.cz\/wp-content\/uploads\/2023\/03\/technical-support-3-150x150.png 150w\" sizes=\"auto, (max-width: 512px) 100vw, 512px\" \/><\/figure>\n<\/div>\n\n\n<div style=\"height:10px\" aria-hidden=\"true\" class=\"wp-block-spacer\"><\/div>\n\n\n\n<h2 class=\"wp-block-heading has-text-align-center has-medium-font-size\" id=\"patron\"><strong>OSTATN\u00cd SLU\u017dBY<\/strong><\/h2>\n\n\n\n<ul>\n<li>zaji\u0161t\u011bn\u00ed zam\u011b\u0159en\u00ed pozemku<\/li>\n<li>zaji\u0161t\u011bn\u00ed geodetick\u00fdch prac\u00ed<\/li>\n<li>zaji\u0161t\u011bn\u00ed PENB, PB\u0158<\/li>\n<li>velkoform\u00e1tov\u00fd tisk<\/li>\n<\/ul>\n\n\n\n<div class=\"wp-block-buttons is-layout-flex wp-block-buttons-is-layout-flex\"><\/div>\n\n\n\n<div class=\"wp-block-buttons alignfull is-horizontal is-content-justification-center is-layout-flex wp-container-core-buttons-is-layout-499968f5 wp-block-buttons-is-layout-flex\"><\/div>\n<\/div>\n<\/div>\n\n\n\n<div style=\"height:50px\" aria-hidden=\"true\" class=\"wp-block-spacer\"><\/div>\n\n\n\n<div class=\"wp-block-cover alignfull\" style=\"min-height:248px;aspect-ratio:unset;\"><span aria-hidden=\"true\" class=\"wp-block-cover__background has-background-dim-100 has-background-dim\" style=\"background-color:#05386b\"><\/span><div class=\"wp-block-cover__inner-container is-layout-flow wp-block-cover-is-layout-flow\">\n<div class=\"wp-block-group\"><div class=\"wp-block-group__inner-container is-layout-flow wp-block-group-is-layout-flow\">\n<div class=\"wp-block-buttons is-content-justification-center is-layout-flex wp-container-core-buttons-is-layout-16018d1d wp-block-buttons-is-layout-flex\"><\/div>\n<\/div><\/div>\n\n\n\n<div class=\"wp-block-group\"><div class=\"wp-block-group__inner-container is-layout-flow wp-block-group-is-layout-flow\">\nngg_shortcode_0_placeholder\n<\/div><\/div>\n<\/div><\/div>\n\n\n\n<div id=\"kontakt\"><\/div>\n\n\n\n<div style=\"height:60px\" aria-hidden=\"true\" class=\"wp-block-spacer\"><\/div>\n\n\n\n<div class=\"wp-block-columns is-layout-flex wp-container-core-columns-is-layout-9d6595d7 wp-block-columns-is-layout-flex\">\n<div class=\"wp-block-column is-layout-flow wp-block-column-is-layout-flow\" style=\"flex-basis:100%\"><\/div>\n<\/div>\n\n\n\n<div class=\"wp-block-columns is-layout-flex wp-container-core-columns-is-layout-9d6595d7 wp-block-columns-is-layout-flex\">\n<div class=\"wp-block-column is-layout-flow wp-block-column-is-layout-flow\">\n<p class=\"has-text-color has-large-font-size\" style=\"color:#05386b\"><strong>JAKUB SMAZAL<\/strong><\/p>\n\n\n\n<p class=\"has-text-color has-medium-font-size\" style=\"color:#05386b\">Mr\u00e1kov 101, 345 01 Mr\u00e1kov<\/p>\n\n\n\n<p class=\"has-text-color has-medium-font-size\" style=\"color:#05386b\">smazal.jakub@gmail.com<\/p>\n\n\n\n<p class=\"has-text-color has-medium-font-size\" style=\"color:#05386b\">+420 728 399 658<\/p>\n\n\n\n<p class=\"has-text-color has-medium-font-size\" style=\"color:#05386b\">I\u010cO: 09061339<\/p>\n<\/div>\n\n\n\n<div class=\"wp-block-column is-layout-flow wp-block-column-is-layout-flow\"><\/div>\n<\/div>\n\n\n\n<ul class=\"wp-block-list\">\n<li><\/li>\n<\/ul>\n\n\n\n<div class=\"wp-block-cover alignfull\" style=\"min-height:300px;aspect-ratio:unset;\"><span aria-hidden=\"true\" class=\"wp-block-cover__background has-background-dim-100 has-background-dim\" style=\"background-color:#05386b\"><\/span><div class=\"wp-block-cover__inner-container is-layout-flow wp-block-cover-is-layout-flow\">\n<h2 class=\"wp-block-heading has-text-align-center has-nv-text-dark-bg-color has-text-color\">Napi\u0161te si o nez\u00e1vaznou nab\u00eddku!<\/h2>\n\n\n\n<div class=\"wp-block-buttons is-content-justification-center is-layout-flex wp-container-core-buttons-is-layout-16018d1d wp-block-buttons-is-layout-flex\"><\/div>\n\n\n<\/div><\/div>\n\n\n\n<div class=\"wp-block-buttons is-layout-flex wp-block-buttons-is-layout-flex\"><\/div>\n\n\n\n<p><\/p>\n","protected":false},"excerpt":{"rendered":"<p>POZEMN\u00cd STAVBY projekty na \u00farovni studie a stavebn\u00edho povolen\u00ed dodate\u010dn\u00e9 povolen\u00ed staveb pasporty staveb bourac\u00ed dokumentace pro odstran\u011bn\u00ed staveb IN\u017dEN\u00ddRING kompletn\u00ed zaji\u0161t\u011bn\u00ed stavebn\u00edho povolen\u00ed OSTATN\u00cd SLU\u017dBY zaji\u0161t\u011bn\u00ed zam\u011b\u0159en\u00ed pozemku zaji\u0161t\u011bn\u00ed geodetick\u00fdch prac\u00ed zaji\u0161t\u011bn\u00ed PENB, PB\u0158 velkoform\u00e1tov\u00fd tisk JAKUB SMAZAL Mr\u00e1kov 101, 345 01 Mr\u00e1kov smazal.jakub@gmail.com +420 728 399 658 I\u010cO: 09061339<\/p>\n","protected":false},"author":1,"featured_media":0,"parent":0,"menu_order":0,"comment_status":"closed","ping_status":"closed","template":"","meta":{"neve_meta_sidebar":"","neve_meta_container":"","neve_meta_enable_content_width":"on","neve_meta_content_width":100,"neve_meta_title_alignment":"","neve_meta_author_avatar":"","neve_post_elements_order":"","neve_meta_disable_header":"","neve_meta_disable_footer":"","neve_meta_disable_title":"on","ngg_post_thumbnail":0,"footnotes":""},"class_list":["post-13","page","type-page","status-publish","hentry"],"_links":{"self":[{"href":"https:\/\/www.js-projekt.cz\/index.php?rest_route=\/wp\/v2\/pages\/13","targetHints":{"allow":["GET"]}}],"collection":[{"href":"https:\/\/www.js-projekt.cz\/index.php?rest_route=\/wp\/v2\/pages"}],"about":[{"href":"https:\/\/www.js-projekt.cz\/index.php?rest_route=\/wp\/v2\/types\/page"}],"author":[{"embeddable":true,"href":"https:\/\/www.js-projekt.cz\/index.php?rest_route=\/wp\/v2\/users\/1"}],"replies":[{"embeddable":true,"href":"https:\/\/www.js-projekt.cz\/index.php?rest_route=%2Fwp%2Fv2%2Fcomments&post=13"}],"version-history":[{"count":134,"href":"https:\/\/www.js-projekt.cz\/index.php?rest_route=\/wp\/v2\/pages\/13\/revisions"}],"predecessor-version":[{"id":332,"href":"https:\/\/www.js-projekt.cz\/index.php?rest_route=\/wp\/v2\/pages\/13\/revisions\/332"}],"wp:attachment":[{"href":"https:\/\/www.js-projekt.cz\/index.php?rest_route=%2Fwp%2Fv2%2Fmedia&parent=13"}],"curies":[{"name":"wp","href":"https:\/\/api.w.org\/{rel}","templated":true}]}}